{"id":685,"date":"2017-07-13T09:37:08","date_gmt":"2017-07-13T09:37:08","guid":{"rendered":"https:\/\/www.vins-chevalley.ch\/produit\/domaine-de-la-chenalettaz-dezaley-grand-cru-aoc\/"},"modified":"2017-07-13T09:37:08","modified_gmt":"2017-07-13T09:37:08","slug":"domaine-de-la-chenalettaz-dezaley-grand-cru-aoc","status":"publish","type":"product","link":"https:\/\/www.vins-chevalley.ch\/de\/produkt\/domaine-de-la-chenalettaz-dezaley-grand-cru-aoc\/","title":{"rendered":"Domaine de la Chenalettaz D\u00e9zaley Grand Cru AOC"},"content":{"rendered":"","protected":false},"excerpt":{"rendered":"<p>\u00ab Grand cru vaudois par excellence, d\u2019une grande longueur et d\u2019une g\u00e9n\u00e9rosit\u00e9 persistante dans le go\u00fbt \u00bb<\/p>\n","protected":false},"featured_media":686,"template":"","meta":{"_acf_changed":false},"product_brand":[],"product_cat":[31],"product_tag":[],"class_list":{"0":"post-685","1":"product","2":"type-product","3":"status-publish","4":"has-post-thumbnail","6":"product_cat-blancs-de","8":"first","9":"instock","10":"taxable","11":"shipping-taxable","12":"purchasable","13":"product-type-variable","14":"has-default-attributes"},"acf":[],"_links":{"self":[{"href":"https:\/\/www.vins-chevalley.ch\/de\/wp-json\/wp\/v2\/product\/685","targetHints":{"allow":["GET"]}}],"collection":[{"href":"https:\/\/www.vins-chevalley.ch\/de\/wp-json\/wp\/v2\/product"}],"about":[{"href":"https:\/\/www.vins-chevalley.ch\/de\/wp-json\/wp\/v2\/types\/product"}],"wp:featuredmedia":[{"embeddable":true,"href":"https:\/\/www.vins-chevalley.ch\/de\/wp-json\/wp\/v2\/media\/686"}],"wp:attachment":[{"href":"https:\/\/www.vins-chevalley.ch\/de\/wp-json\/wp\/v2\/media?parent=685"}],"wp:term":[{"taxonomy":"product_brand","embeddable":true,"href":"https:\/\/www.vins-chevalley.ch\/de\/wp-json\/wp\/v2\/product_brand?post=685"},{"taxonomy":"product_cat","embeddable":true,"href":"https:\/\/www.vins-chevalley.ch\/de\/wp-json\/wp\/v2\/product_cat?post=685"},{"taxonomy":"product_tag","embeddable":true,"href":"https:\/\/www.vins-chevalley.ch\/de\/wp-json\/wp\/v2\/product_tag?post=685"}],"curies":[{"name":"wp","href":"https:\/\/api.w.org\/{rel}","templated":true}]}}