{"id":671,"date":"2017-07-09T10:25:53","date_gmt":"2017-07-09T10:25:53","guid":{"rendered":"https:\/\/www.vins-chevalley.ch\/produit\/cabalus-plant-robert-aoc-lavaux\/"},"modified":"2017-11-01T14:04:05","modified_gmt":"2017-11-01T14:04:05","slug":"cabalus-plant-robert-aoc-lavaux","status":"publish","type":"product","link":"https:\/\/www.vins-chevalley.ch\/de\/produkt\/cabalus-plant-robert-aoc-lavaux\/","title":{"rendered":"Cabalus Plant Robert  AOC Lavaux"},"content":{"rendered":"","protected":false},"excerpt":{"rendered":"<p>\u00abUne grande puret\u00e9 et un corps harmonieux d\u00fb \u00e0 un \u00e9levage long et pr\u00e9cieux\u00bb<\/p>\n","protected":false},"featured_media":672,"template":"","meta":{"_acf_changed":false},"product_brand":[],"product_cat":[32],"product_tag":[],"class_list":{"0":"post-671","1":"product","2":"type-product","3":"status-publish","4":"has-post-thumbnail","6":"product_cat-rouges-de","8":"first","9":"instock","10":"taxable","11":"shipping-taxable","12":"purchasable","13":"product-type-simple"},"acf":[],"_links":{"self":[{"href":"https:\/\/www.vins-chevalley.ch\/de\/wp-json\/wp\/v2\/product\/671","targetHints":{"allow":["GET"]}}],"collection":[{"href":"https:\/\/www.vins-chevalley.ch\/de\/wp-json\/wp\/v2\/product"}],"about":[{"href":"https:\/\/www.vins-chevalley.ch\/de\/wp-json\/wp\/v2\/types\/product"}],"wp:featuredmedia":[{"embeddable":true,"href":"https:\/\/www.vins-chevalley.ch\/de\/wp-json\/wp\/v2\/media\/672"}],"wp:attachment":[{"href":"https:\/\/www.vins-chevalley.ch\/de\/wp-json\/wp\/v2\/media?parent=671"}],"wp:term":[{"taxonomy":"product_brand","embeddable":true,"href":"https:\/\/www.vins-chevalley.ch\/de\/wp-json\/wp\/v2\/product_brand?post=671"},{"taxonomy":"product_cat","embeddable":true,"href":"https:\/\/www.vins-chevalley.ch\/de\/wp-json\/wp\/v2\/product_cat?post=671"},{"taxonomy":"product_tag","embeddable":true,"href":"https:\/\/www.vins-chevalley.ch\/de\/wp-json\/wp\/v2\/product_tag?post=671"}],"curies":[{"name":"wp","href":"https:\/\/api.w.org\/{rel}","templated":true}]}}